{"id":108,"date":"2021-03-04T21:34:19","date_gmt":"2021-03-04T21:34:19","guid":{"rendered":"http:\/\/intermayamx.com\/?page_id=108"},"modified":"2021-03-23T18:40:19","modified_gmt":"2021-03-23T18:40:19","slug":"servicios","status":"publish","type":"page","link":"https:\/\/intermayamx.com\/index.php\/servicios\/","title":{"rendered":"Servicios"},"content":{"rendered":"\t\t<div data-elementor-type=\"wp-page\" data-elementor-id=\"108\" class=\"elementor elementor-108\" data-elementor-settings=\"[]\">\n\t\t\t\t\t\t\t<div class=\"elementor-section-wrap\">\n\t\t\t\t\t\t\t<section class=\"has_eae_slider elementor-section elementor-top-section elementor-element elementor-element-67caac9 elementor-section-boxed elementor-section-height-default elementor-section-height-default\" data-id=\"67caac9\" data-element_type=\"section\" data-settings=\"{&quot;background_background&quot;:&quot;classic&quot;}\">\n\t\t\t\t\t\t\t<div class=\"elementor-background-overlay\"><\/div>\n\t\t\t\t\t\t\t<div class=\"elementor-container elementor-column-gap-no\">\n\t\t\t\t\t<div class=\"has_eae_slider elementor-column elementor-col-100 elementor-top-column elementor-element elementor-element-f349e8b\" data-id=\"f349e8b\" data-element_type=\"column\">\n\t\t\t<div class=\"elementor-widget-wrap elementor-element-populated\">\n\t\t\t\t\t\t\t\t<div class=\"elementor-element elementor-element-50ef338 elementor-widget elementor-widget-heading\" data-id=\"50ef338\" data-element_type=\"widget\" data-widget_type=\"heading.default\">\n\t\t\t\t<div class=\"elementor-widget-container\">\n\t\t\t<h2 class=\"elementor-heading-title elementor-size-medium\">Servicios<\/h2>\t\t<\/div>\n\t\t\t\t<\/div>\n\t\t\t\t<div class=\"elementor-element elementor-element-eae8bc9 elementor-widget elementor-widget-text-editor\" data-id=\"eae8bc9\" data-element_type=\"widget\" data-widget_type=\"text-editor.default\">\n\t\t\t\t<div class=\"elementor-widget-container\">\n\t\t\t\t\t<div class=\"elementor-text-editor elementor-clearfix\"><ul><li>Urbanizaci\u00f3n y vialidades<\/li><li>Terracer\u00edas y asfaltos hidr\u00e1ulicos y p\u00e9treos<\/li><li>Renta de maquinaria y magno excavaciones<\/li><li>Ingenier\u00eda civil y dise\u00f1o<\/li><li>Desarrollo de vivienda inter\u00e9s social<\/li><li>Edificaci\u00f3n y ejecuci\u00f3n de proyectos comerciales<\/li><li>industriales y residenciales<\/li><li>Planes de ejecuci\u00f3n de proyectos<\/li><li>Control de avances y costos<\/li><li>Control de materiales<\/li><li>Explotaci\u00f3n de bancos de agregados.<\/li><li>Instalaci\u00f3n de sistemas de drenaje y de sistemas hidr\u00e1ulicos<\/li><li>Instalaci\u00f3n de sistemas el\u00e9ctricos de alta, baja y media tensi\u00f3n.<\/li><li>Construcci\u00f3n de c\u00e1rcamos<\/li><li>Proyecci\u00f3n y ejecuci\u00f3n de relleno sanitario<\/li><li>Planos de proyectos y desarrollos habitacionales<\/li><\/ul><\/div>\n\t\t\t\t<\/div>\n\t\t\t\t<\/div>\n\t\t\t\t<div class=\"elementor-element elementor-element-db07c6c elementor-arrows-position-inside elementor-widget elementor-widget-image-carousel\" data-id=\"db07c6c\" data-element_type=\"widget\" data-settings=\"{&quot;slides_to_show&quot;:&quot;1&quot;,&quot;navigation&quot;:&quot;arrows&quot;,&quot;effect&quot;:&quot;fade&quot;,&quot;autoplay&quot;:&quot;yes&quot;,&quot;pause_on_hover&quot;:&quot;yes&quot;,&quot;pause_on_interaction&quot;:&quot;yes&quot;,&quot;autoplay_speed&quot;:5000,&quot;infinite&quot;:&quot;yes&quot;,&quot;speed&quot;:500}\" data-widget_type=\"image-carousel.default\">\n\t\t\t\t<div class=\"elementor-widget-container\">\n\t\t\t\t\t<div class=\"elementor-image-carousel-wrapper swiper-container\" dir=\"ltr\">\n\t\t\t<div class=\"elementor-image-carousel swiper-wrapper\">\n\t\t\t\t<div class=\"swiper-slide\"><figure class=\"swiper-slide-inner\"><img decoding=\"async\" class=\"swiper-slide-image\" src=\"https:\/\/intermayamx.com\/wp-content\/uploads\/2021\/03\/shutterstock_251322769-scaled.jpg\" alt=\"An,Aerial,View,Of,A,Road,Bridge,In,Cancun,,Mexico\" \/><\/figure><\/div><div class=\"swiper-slide\"><figure class=\"swiper-slide-inner\"><img decoding=\"async\" class=\"swiper-slide-image\" src=\"https:\/\/intermayamx.com\/wp-content\/uploads\/2021\/03\/INICIO-FOTO-FONDO-3-scaled.jpg\" alt=\"Yellow,Excavator,On,A,Construction,Site,Against,Blue,Sky\" \/><\/figure><\/div><div class=\"swiper-slide\"><figure class=\"swiper-slide-inner\"><img decoding=\"async\" class=\"swiper-slide-image\" src=\"https:\/\/intermayamx.com\/wp-content\/uploads\/2021\/03\/shutterstock_687089236-1024x683.jpg\" alt=\"Crawler,Excavator,Digging,Bucket,On,Construction,Of,High-speed,Bypass,Road\" \/><\/figure><\/div><div class=\"swiper-slide\"><figure class=\"swiper-slide-inner\"><img decoding=\"async\" class=\"swiper-slide-image\" src=\"https:\/\/intermayamx.com\/wp-content\/uploads\/2021\/03\/shutterstock_1079053826-scaled.jpg\" alt=\"Road,Of,Mexico\" \/><\/figure><\/div><div class=\"swiper-slide\"><figure class=\"swiper-slide-inner\"><img decoding=\"async\" class=\"swiper-slide-image\" src=\"https:\/\/intermayamx.com\/wp-content\/uploads\/2021\/03\/shutterstock_1128508007-1024x681.jpg\" alt=\"Blurred,Aerial,View,Of,The,East,Coast,Of,Yucatan,Peninsula,\" \/><\/figure><\/div><div class=\"swiper-slide\"><figure class=\"swiper-slide-inner\"><img decoding=\"async\" class=\"swiper-slide-image\" src=\"https:\/\/intermayamx.com\/wp-content\/uploads\/2021\/03\/shutterstock_1716205696-1-1024x576.jpg\" alt=\"Togliatti,,Samara,Oblast,\/,Russia,-,August,04,,2011:,Panorama\" \/><\/figure><\/div><div class=\"swiper-slide\"><figure class=\"swiper-slide-inner\"><img decoding=\"async\" class=\"swiper-slide-image\" src=\"https:\/\/intermayamx.com\/wp-content\/uploads\/2021\/03\/shutterstock_1481768066-scaled.jpg\" alt=\"Biking,In,Cozumel,Island,Sunny,Day\" \/><\/figure><\/div><div class=\"swiper-slide\"><figure class=\"swiper-slide-inner\"><img decoding=\"async\" class=\"swiper-slide-image\" src=\"https:\/\/intermayamx.com\/wp-content\/uploads\/2021\/03\/shutterstock_1162799143-scaled.jpg\" alt=\"Group,Of,Worker,And,Construction,Engineer,Wear,Safety,Uniform,Excavation\" \/><\/figure><\/div><div class=\"swiper-slide\"><figure class=\"swiper-slide-inner\"><img decoding=\"async\" class=\"swiper-slide-image\" src=\"https:\/\/intermayamx.com\/wp-content\/uploads\/2021\/03\/shutterstock_1131015536-1024x575.jpg\" alt=\"Aerial,Photo,Of,Excavator,Pours,Sand,Into,The,Truck.,On\" \/><\/figure><\/div><div class=\"swiper-slide\"><figure class=\"swiper-slide-inner\"><img decoding=\"async\" class=\"swiper-slide-image\" src=\"https:\/\/intermayamx.com\/wp-content\/uploads\/2021\/03\/shutterstock_1716205696-scaled.jpg\" alt=\"Togliatti,,Samara,Oblast,\/,Russia,-,August,04,,2011:,Panorama\" \/><\/figure><\/div>\t\t\t<\/div>\n\t\t\t\t\t\t\t\t\t\t\t\t\t\t\t\t<div class=\"elementor-swiper-button elementor-swiper-button-prev\">\n\t\t\t\t\t\t<i class=\"eicon-chevron-left\" aria-hidden=\"true\"><\/i>\n\t\t\t\t\t\t<span class=\"elementor-screen-only\">Previo<\/span>\n\t\t\t\t\t<\/div>\n\t\t\t\t\t<div class=\"elementor-swiper-button elementor-swiper-button-next\">\n\t\t\t\t\t\t<i class=\"eicon-chevron-right\" aria-hidden=\"true\"><\/i>\n\t\t\t\t\t\t<span class=\"elementor-screen-only\">Siguiente<\/span>\n\t\t\t\t\t<\/div>\n\t\t\t\t\t\t\t\t\t<\/div>\n\t\t\t\t<\/div>\n\t\t\t\t<\/div>\n\t\t\t\t\t<\/div>\n\t\t<\/div>\n\t\t\t\t\t\t\t<\/div>\n\t\t<\/section>\n\t\t\t\t\t\t<\/div>\n\t\t\t\t\t<\/div>\n\t\t","protected":false},"excerpt":{"rendered":"<p>Servicios Urbanizaci\u00f3n y vialidades Terracer\u00edas y asfaltos hidr\u00e1ulicos y p\u00e9treos Renta de maquinaria y magno excavaciones Ingenier\u00eda civil y dise\u00f1o Desarrollo de vivienda inter\u00e9s social Edificaci\u00f3n y ejecuci\u00f3n de proyectos comerciales industriales y residenciales Planes de ejecuci\u00f3n de proyectos Control de avances y costos Control de materiales Explotaci\u00f3n de bancos de agregados. Instalaci\u00f3n de sistemas &hellip;<\/p>\n<p class=\"read-more\"> <a class=\"\" href=\"https:\/\/intermayamx.com\/index.php\/servicios\/\"> <span class=\"screen-reader-text\">Servicios<\/span> Leer m\u00e1s &raquo;<\/a><\/p>\n","protected":false},"author":1,"featured_media":0,"parent":0,"menu_order":0,"comment_status":"closed","ping_status":"closed","template":"","meta":{"footnotes":""},"class_list":["post-108","page","type-page","status-publish","hentry"],"_links":{"self":[{"href":"https:\/\/intermayamx.com\/index.php\/wp-json\/wp\/v2\/pages\/108","targetHints":{"allow":["GET"]}}],"collection":[{"href":"https:\/\/intermayamx.com\/index.php\/wp-json\/wp\/v2\/pages"}],"about":[{"href":"https:\/\/intermayamx.com\/index.php\/wp-json\/wp\/v2\/types\/page"}],"author":[{"embeddable":true,"href":"https:\/\/intermayamx.com\/index.php\/wp-json\/wp\/v2\/users\/1"}],"replies":[{"embeddable":true,"href":"https:\/\/intermayamx.com\/index.php\/wp-json\/wp\/v2\/comments?post=108"}],"version-history":[{"count":28,"href":"https:\/\/intermayamx.com\/index.php\/wp-json\/wp\/v2\/pages\/108\/revisions"}],"predecessor-version":[{"id":900,"href":"https:\/\/intermayamx.com\/index.php\/wp-json\/wp\/v2\/pages\/108\/revisions\/900"}],"wp:attachment":[{"href":"https:\/\/intermayamx.com\/index.php\/wp-json\/wp\/v2\/media?parent=108"}],"curies":[{"name":"wp","href":"https:\/\/api.w.org\/{rel}","templated":true}]}}