{"id":36,"date":"2021-03-04T05:18:24","date_gmt":"2021-03-04T05:18:24","guid":{"rendered":"http:\/\/intermayamx.com\/?page_id=36"},"modified":"2024-04-29T19:00:42","modified_gmt":"2024-04-29T19:00:42","slug":"inicio","status":"publish","type":"page","link":"https:\/\/intermayamx.com\/","title":{"rendered":"Inicio"},"content":{"rendered":"\t\t<div data-elementor-type=\"wp-page\" data-elementor-id=\"36\" class=\"elementor elementor-36\" data-elementor-settings=\"[]\">\n\t\t\t\t\t\t\t<div class=\"elementor-section-wrap\">\n\t\t\t\t\t\t\t<section data-eae-particle=\"{\n  &quot;particles&quot;: {\n    &quot;number&quot;: {\n      &quot;value&quot;: 150,\n      &quot;density&quot;: {\n        &quot;enable&quot;: true,\n        &quot;value_area&quot;: 800\n      }\n    },\n    &quot;color&quot;: {\n      &quot;value&quot;: &quot;#ffffff&quot;\n    },\n    &quot;shape&quot;: {\n      &quot;type&quot;: &quot;stars&quot;,\n      &quot;stroke&quot;: {\n        &quot;width&quot;: 0,\n        &quot;color&quot;: &quot;#000000&quot;\n      },\n      &quot;polygon&quot;: {\n        &quot;nb_sides&quot;: 5\n      },\n      &quot;image&quot;: {\n        &quot;src&quot;: &quot;img\/github.svg&quot;,\n        &quot;width&quot;: 100,\n        &quot;height&quot;: 100\n      }\n    },\n    &quot;opacity&quot;: {\n      &quot;value&quot;: 0.5,\n      &quot;random&quot;: false,\n      &quot;anim&quot;: {\n        &quot;enable&quot;: false,\n        &quot;speed&quot;: 1,\n        &quot;opacity_min&quot;: 0.1,\n        &quot;sync&quot;: false\n      }\n    },\n    &quot;size&quot;: {\n      &quot;value&quot;: 3,\n      &quot;random&quot;: true,\n      &quot;anim&quot;: {\n        &quot;enable&quot;: false,\n        &quot;speed&quot;: 40,\n        &quot;size_min&quot;: 0.1,\n        &quot;sync&quot;: false\n      }\n    },\n    &quot;line_linked&quot;: {\n      &quot;enable&quot;: true,\n      &quot;distance&quot;: 150,\n      &quot;color&quot;: &quot;#ffffff&quot;,\n      &quot;opacity&quot;: 0.4,\n      &quot;width&quot;: 1\n    },\n    &quot;move&quot;: {\n      &quot;enable&quot;: true,\n      &quot;speed&quot;: 6,\n      &quot;direction&quot;: &quot;none&quot;,\n      &quot;random&quot;: false,\n      &quot;straight&quot;: false,\n      &quot;out_mode&quot;: &quot;out&quot;,\n      &quot;bounce&quot;: false,\n      &quot;attract&quot;: {\n        &quot;enable&quot;: false,\n        &quot;rotateX&quot;: 600,\n        &quot;rotateY&quot;: 1200\n      }\n    }\n  },\n  &quot;interactivity&quot;: {\n    &quot;detect_on&quot;: &quot;canvas&quot;,\n    &quot;events&quot;: {\n      &quot;onhover&quot;: {\n        &quot;enable&quot;: true,\n        &quot;mode&quot;: &quot;repulse&quot;\n      },\n      &quot;onclick&quot;: {\n        &quot;enable&quot;: true,\n        &quot;mode&quot;: &quot;push&quot;\n      },\n      &quot;resize&quot;: true\n    },\n    &quot;modes&quot;: {\n      &quot;grab&quot;: {\n        &quot;distance&quot;: 400,\n        &quot;line_linked&quot;: {\n          &quot;opacity&quot;: 1\n        }\n      },\n      &quot;bubble&quot;: {\n        &quot;distance&quot;: 400,\n        &quot;size&quot;: 40,\n        &quot;duration&quot;: 2,\n        &quot;opacity&quot;: 8,\n        &quot;speed&quot;: 3\n      },\n      &quot;repulse&quot;: {\n        &quot;distance&quot;: 200,\n        &quot;duration&quot;: 0.4\n      },\n      &quot;push&quot;: {\n        &quot;particles_nb&quot;: 4\n      },\n      &quot;remove&quot;: {\n        &quot;particles_nb&quot;: 2\n      }\n    }\n  },\n  &quot;retina_detect&quot;: true\n}\" class=\"has_eae_slider elementor-section elementor-top-section elementor-element elementor-element-17d77cc elementor-section-height-min-height eae-particle-yes elementor-section-boxed elementor-section-height-default elementor-section-items-middle\" data-id=\"17d77cc\" data-element_type=\"section\" data-settings=\"{&quot;background_background&quot;:&quot;classic&quot;}\">\n\t\t\t\t\t\t<div class=\"elementor-container elementor-column-gap-default\">\n\t\t\t\t\t<div class=\"has_eae_slider elementor-column elementor-col-100 elementor-top-column elementor-element elementor-element-aab5816\" data-id=\"aab5816\" data-element_type=\"column\">\n\t\t\t<div class=\"elementor-widget-wrap elementor-element-populated\">\n\t\t\t\t\t\t\t\t<div class=\"elementor-element elementor-element-4c4989c elementor-widget__width-inherit elementor-invisible elementor-widget elementor-widget-heading\" data-id=\"4c4989c\" data-element_type=\"widget\" data-settings=\"{&quot;_animation&quot;:&quot;fadeInRight&quot;}\" data-widget_type=\"heading.default\">\n\t\t\t\t<div class=\"elementor-widget-container\">\n\t\t\t<h1 class=\"elementor-heading-title elementor-size-default\">LA FUERZA DE LA PEN\u00cdNSULA<\/h1>\t\t<\/div>\n\t\t\t\t<\/div>\n\t\t\t\t\t<\/div>\n\t\t<\/div>\n\t\t\t\t\t\t\t<\/div>\n\t\t<\/section>\n\t\t\t\t<section class=\"has_eae_slider elementor-section elementor-top-section elementor-element elementor-element-650628f elementor-section-boxed elementor-section-height-default elementor-section-height-default\" data-id=\"650628f\" data-element_type=\"section\" data-settings=\"{&quot;background_background&quot;:&quot;classic&quot;}\">\n\t\t\t\t\t\t<div class=\"elementor-container elementor-column-gap-default\">\n\t\t\t\t\t<div class=\"has_eae_slider elementor-column elementor-col-100 elementor-top-column elementor-element elementor-element-44290ec\" data-id=\"44290ec\" data-element_type=\"column\">\n\t\t\t<div class=\"elementor-widget-wrap elementor-element-populated\">\n\t\t\t\t\t\t\t\t<div class=\"elementor-element elementor-element-5f23baf elementor-aspect-ratio-169 elementor-widget elementor-widget-video\" data-id=\"5f23baf\" data-element_type=\"widget\" data-settings=\"{&quot;video_type&quot;:&quot;hosted&quot;,&quot;autoplay&quot;:&quot;yes&quot;,&quot;play_on_mobile&quot;:&quot;yes&quot;,&quot;mute&quot;:&quot;yes&quot;,&quot;controls&quot;:&quot;yes&quot;,&quot;aspect_ratio&quot;:&quot;169&quot;}\" data-widget_type=\"video.default\">\n\t\t\t\t<div class=\"elementor-widget-container\">\n\t\t\t\t\t<div class=\"e-hosted-video elementor-wrapper elementor-fit-aspect-ratio elementor-open-inline\">\n\t\t\t\t\t<video class=\"elementor-video\" src=\"http:\/\/intermayamx.com\/wp-content\/uploads\/2021\/03\/VIDEO-INTERMAYA-HD-INTERNET.mp4\" autoplay=\"\" controls=\"\" muted=\"muted\" playsinline=\"\" controlsList=\"nodownload\"><\/video>\n\t\t\t\t<\/div>\n\t\t\t\t<\/div>\n\t\t\t\t<\/div>\n\t\t\t\t\t<\/div>\n\t\t<\/div>\n\t\t\t\t\t\t\t<\/div>\n\t\t<\/section>\n\t\t\t\t<section class=\"has_eae_slider elementor-section elementor-top-section elementor-element elementor-element-ac5abee elementor-section-boxed elementor-section-height-default elementor-section-height-default\" data-id=\"ac5abee\" data-element_type=\"section\" data-settings=\"{&quot;background_background&quot;:&quot;classic&quot;}\">\n\t\t\t\t\t\t\t<div class=\"elementor-background-overlay\"><\/div>\n\t\t\t\t\t\t\t<div class=\"elementor-container elementor-column-gap-default\">\n\t\t\t\t\t<div class=\"has_eae_slider elementor-column elementor-col-100 elementor-top-column elementor-element elementor-element-29fe7a0\" data-id=\"29fe7a0\" data-element_type=\"column\">\n\t\t\t<div class=\"elementor-widget-wrap elementor-element-populated\">\n\t\t\t\t\t\t\t\t<div class=\"elementor-element elementor-element-a4d0c49 elementor-widget elementor-widget-heading\" data-id=\"a4d0c49\" data-element_type=\"widget\" data-widget_type=\"heading.default\">\n\t\t\t\t<div class=\"elementor-widget-container\">\n\t\t\t<h2 class=\"elementor-heading-title elementor-size-medium\">Servicios<\/h2>\t\t<\/div>\n\t\t\t\t<\/div>\n\t\t\t\t<div class=\"elementor-element elementor-element-38ea657 elementor-widget elementor-widget-text-editor\" data-id=\"38ea657\" data-element_type=\"widget\" data-widget_type=\"text-editor.default\">\n\t\t\t\t<div class=\"elementor-widget-container\">\n\t\t\t\t\t<div class=\"elementor-text-editor elementor-clearfix\"><ul><li>Urbanizaci\u00f3n y vialidades<\/li><li>Terracer\u00edas y asfaltos hidr\u00e1ulicos y p\u00e9treos<\/li><li>Renta de maquinaria y magno excavaciones<\/li><li>Ingenier\u00eda civil y dise\u00f1o<\/li><li>Desarrollo de vivienda inter\u00e9s social<\/li><li>Edificaci\u00f3n y ejecuci\u00f3n de proyectos comerciales<\/li><li>industriales y residenciales<\/li><li>Planes de ejecuci\u00f3n de proyectos<\/li><li>Control de avances y costos<\/li><li>Control de materiales<\/li><li>Explotaci\u00f3n de bancos de agregados.<\/li><li>Instalaci\u00f3n de sistemas de drenaje y de sistemas hidr\u00e1ulicos<\/li><li>Instalaci\u00f3n de sistemas el\u00e9ctricos de alta, baja y media tensi\u00f3n.<\/li><li>Construcci\u00f3n de c\u00e1rcamos<\/li><li>Proyecci\u00f3n y ejecuci\u00f3n de relleno sanitario<\/li><li>Planos de proyectos y desarrollos habitacionales<\/li><\/ul><\/div>\n\t\t\t\t<\/div>\n\t\t\t\t<\/div>\n\t\t\t\t<div class=\"elementor-element elementor-element-53194cc elementor-arrows-position-inside elementor-widget elementor-widget-image-carousel\" data-id=\"53194cc\" data-element_type=\"widget\" data-settings=\"{&quot;slides_to_show&quot;:&quot;1&quot;,&quot;navigation&quot;:&quot;arrows&quot;,&quot;effect&quot;:&quot;fade&quot;,&quot;autoplay&quot;:&quot;yes&quot;,&quot;pause_on_hover&quot;:&quot;yes&quot;,&quot;pause_on_interaction&quot;:&quot;yes&quot;,&quot;autoplay_speed&quot;:5000,&quot;infinite&quot;:&quot;yes&quot;,&quot;speed&quot;:500}\" data-widget_type=\"image-carousel.default\">\n\t\t\t\t<div class=\"elementor-widget-container\">\n\t\t\t\t\t<div class=\"elementor-image-carousel-wrapper swiper-container\" dir=\"ltr\">\n\t\t\t<div class=\"elementor-image-carousel swiper-wrapper\">\n\t\t\t\t<div class=\"swiper-slide\"><figure class=\"swiper-slide-inner\"><img decoding=\"async\" class=\"swiper-slide-image\" src=\"https:\/\/intermayamx.com\/wp-content\/uploads\/2021\/03\/shutterstock_251322769-scaled.jpg\" alt=\"An,Aerial,View,Of,A,Road,Bridge,In,Cancun,,Mexico\" \/><\/figure><\/div><div class=\"swiper-slide\"><figure class=\"swiper-slide-inner\"><img decoding=\"async\" class=\"swiper-slide-image\" src=\"https:\/\/intermayamx.com\/wp-content\/uploads\/2021\/03\/INICIO-FOTO-FONDO-3-scaled.jpg\" alt=\"Yellow,Excavator,On,A,Construction,Site,Against,Blue,Sky\" \/><\/figure><\/div><div class=\"swiper-slide\"><figure class=\"swiper-slide-inner\"><img decoding=\"async\" class=\"swiper-slide-image\" src=\"https:\/\/intermayamx.com\/wp-content\/uploads\/2021\/03\/shutterstock_687089236-1024x683.jpg\" alt=\"Crawler,Excavator,Digging,Bucket,On,Construction,Of,High-speed,Bypass,Road\" \/><\/figure><\/div><div class=\"swiper-slide\"><figure class=\"swiper-slide-inner\"><img decoding=\"async\" class=\"swiper-slide-image\" src=\"https:\/\/intermayamx.com\/wp-content\/uploads\/2021\/03\/shutterstock_1079053826-scaled.jpg\" alt=\"Road,Of,Mexico\" \/><\/figure><\/div><div class=\"swiper-slide\"><figure class=\"swiper-slide-inner\"><img decoding=\"async\" class=\"swiper-slide-image\" src=\"https:\/\/intermayamx.com\/wp-content\/uploads\/2021\/03\/shutterstock_1128508007-1024x681.jpg\" alt=\"Blurred,Aerial,View,Of,The,East,Coast,Of,Yucatan,Peninsula,\" \/><\/figure><\/div><div class=\"swiper-slide\"><figure class=\"swiper-slide-inner\"><img decoding=\"async\" class=\"swiper-slide-image\" src=\"https:\/\/intermayamx.com\/wp-content\/uploads\/2021\/03\/shutterstock_1716205696-1-1024x576.jpg\" alt=\"Togliatti,,Samara,Oblast,\/,Russia,-,August,04,,2011:,Panorama\" \/><\/figure><\/div><div class=\"swiper-slide\"><figure class=\"swiper-slide-inner\"><img decoding=\"async\" class=\"swiper-slide-image\" src=\"https:\/\/intermayamx.com\/wp-content\/uploads\/2021\/03\/shutterstock_1481768066-scaled.jpg\" alt=\"Biking,In,Cozumel,Island,Sunny,Day\" \/><\/figure><\/div><div class=\"swiper-slide\"><figure class=\"swiper-slide-inner\"><img decoding=\"async\" class=\"swiper-slide-image\" src=\"https:\/\/intermayamx.com\/wp-content\/uploads\/2021\/03\/shutterstock_1162799143-scaled.jpg\" alt=\"Group,Of,Worker,And,Construction,Engineer,Wear,Safety,Uniform,Excavation\" \/><\/figure><\/div><div class=\"swiper-slide\"><figure class=\"swiper-slide-inner\"><img decoding=\"async\" class=\"swiper-slide-image\" src=\"https:\/\/intermayamx.com\/wp-content\/uploads\/2021\/03\/shutterstock_1131015536-1024x575.jpg\" alt=\"Aerial,Photo,Of,Excavator,Pours,Sand,Into,The,Truck.,On\" \/><\/figure><\/div><div class=\"swiper-slide\"><figure class=\"swiper-slide-inner\"><img decoding=\"async\" class=\"swiper-slide-image\" src=\"https:\/\/intermayamx.com\/wp-content\/uploads\/2021\/03\/shutterstock_1716205696-scaled.jpg\" alt=\"Togliatti,,Samara,Oblast,\/,Russia,-,August,04,,2011:,Panorama\" \/><\/figure><\/div>\t\t\t<\/div>\n\t\t\t\t\t\t\t\t\t\t\t\t\t\t\t\t<div class=\"elementor-swiper-button elementor-swiper-button-prev\">\n\t\t\t\t\t\t<i class=\"eicon-chevron-left\" aria-hidden=\"true\"><\/i>\n\t\t\t\t\t\t<span class=\"elementor-screen-only\">Previo<\/span>\n\t\t\t\t\t<\/div>\n\t\t\t\t\t<div class=\"elementor-swiper-button elementor-swiper-button-next\">\n\t\t\t\t\t\t<i class=\"eicon-chevron-right\" aria-hidden=\"true\"><\/i>\n\t\t\t\t\t\t<span class=\"elementor-screen-only\">Siguiente<\/span>\n\t\t\t\t\t<\/div>\n\t\t\t\t\t\t\t\t\t<\/div>\n\t\t\t\t<\/div>\n\t\t\t\t<\/div>\n\t\t\t\t\t<\/div>\n\t\t<\/div>\n\t\t\t\t\t\t\t<\/div>\n\t\t<\/section>\n\t\t\t\t<section class=\"has_eae_slider elementor-section elementor-top-section elementor-element elementor-element-29d7032 elementor-section-boxed elementor-section-height-default elementor-section-height-default\" data-id=\"29d7032\" data-element_type=\"section\">\n\t\t\t\t\t\t<div class=\"elementor-container elementor-column-gap-default\">\n\t\t\t\t\t<div class=\"has_eae_slider elementor-column elementor-col-100 elementor-top-column elementor-element elementor-element-369cc33\" data-id=\"369cc33\" data-element_type=\"column\">\n\t\t\t<div class=\"elementor-widget-wrap\">\n\t\t\t\t\t\t\t\t\t<\/div>\n\t\t<\/div>\n\t\t\t\t\t\t\t<\/div>\n\t\t<\/section>\n\t\t\t\t\t\t<\/div>\n\t\t\t\t\t<\/div>\n\t\t","protected":false},"excerpt":{"rendered":"<p>LA FUERZA DE LA PEN\u00cdNSULA http:\/\/intermayamx.com\/wp-content\/uploads\/2021\/03\/VIDEO-INTERMAYA-HD-INTERNET.mp4 Servicios Urbanizaci\u00f3n y vialidades Terracer\u00edas y asfaltos hidr\u00e1ulicos y p\u00e9treos Renta de maquinaria y magno excavaciones Ingenier\u00eda civil y dise\u00f1o Desarrollo de vivienda inter\u00e9s social Edificaci\u00f3n y ejecuci\u00f3n de proyectos comerciales industriales y residenciales Planes de ejecuci\u00f3n de proyectos Control de avances y costos Control de materiales Explotaci\u00f3n de &hellip;<\/p>\n<p class=\"read-more\"> <a class=\"\" href=\"https:\/\/intermayamx.com\/\"> <span class=\"screen-reader-text\">Inicio<\/span> Leer m\u00e1s &raquo;<\/a><\/p>\n","protected":false},"author":1,"featured_media":0,"parent":0,"menu_order":0,"comment_status":"closed","ping_status":"closed","template":"elementor_theme","meta":{"footnotes":""},"class_list":["post-36","page","type-page","status-publish","hentry"],"_links":{"self":[{"href":"https:\/\/intermayamx.com\/index.php\/wp-json\/wp\/v2\/pages\/36","targetHints":{"allow":["GET"]}}],"collection":[{"href":"https:\/\/intermayamx.com\/index.php\/wp-json\/wp\/v2\/pages"}],"about":[{"href":"https:\/\/intermayamx.com\/index.php\/wp-json\/wp\/v2\/types\/page"}],"author":[{"embeddable":true,"href":"https:\/\/intermayamx.com\/index.php\/wp-json\/wp\/v2\/users\/1"}],"replies":[{"embeddable":true,"href":"https:\/\/intermayamx.com\/index.php\/wp-json\/wp\/v2\/comments?post=36"}],"version-history":[{"count":389,"href":"https:\/\/intermayamx.com\/index.php\/wp-json\/wp\/v2\/pages\/36\/revisions"}],"predecessor-version":[{"id":928,"href":"https:\/\/intermayamx.com\/index.php\/wp-json\/wp\/v2\/pages\/36\/revisions\/928"}],"wp:attachment":[{"href":"https:\/\/intermayamx.com\/index.php\/wp-json\/wp\/v2\/media?parent=36"}],"curies":[{"name":"wp","href":"https:\/\/api.w.org\/{rel}","templated":true}]}}